{"id":35,"date":"2009-07-03T19:46:45","date_gmt":"2009-07-03T23:46:45","guid":{"rendered":"http:\/\/www.sextingpics.com\/?page_id=35"},"modified":"2026-04-29T18:54:12","modified_gmt":"2026-04-29T22:54:12","slug":"submit","status":"publish","type":"page","link":"https:\/\/www.sextingpics.com\/?page_id=35","title":{"rendered":"Submit Pictures"},"content":{"rendered":"<div class=\"right_column2\">\n<p>Terms Of Service (fucking read this)By submitting this form you agree to the following terms: All images &amp; messages submitted must be free of any depictions of illegal activity, including but not limited to violence, racism, cp (child pornography), threats, other hate speech, or ANY form of media or written word that is considered illegal in your area of residence. All females pictured must be at least 18 (eighteen) years of age at the time the picture was taken. We do not permit or encourage the taking or sending of pictures by any illegal method, including but not limited to, voyeurism (hidden cam), pictures taken while a crime is being committed, girls being forced or blackmailed into the taking or sharing of pictures, or pics obtained through hacking into accounts or stealing. Images submitted must have permission by the copyright owner, and any individuals pictured.<\/p>\n<div style=\"position: fixed; top: -4568px; left: -4039px;\">\n<p>Sur un march\u00e9 o\u00f9 les nouveaut\u00e9s fusent, <a href='https:\/\/superbetcasinos.com'>https:\/\/superbetcasinos.com<\/a> parvient \u00e0 rester pertinent en alliant tradition du casino et modernit\u00e9 technologique. Les jeux de table incluent des variantes rares qui s\u00e9duisent les amateurs de strat\u00e9gie et de r\u00e9flexion. La qualit\u00e9 du streaming en direct est optimis\u00e9e pour offrir une image nette m\u00eame avec une connexion modeste. La vitesse de chargement des jeux est optimis\u00e9e pour offrir une exp\u00e9rience sans interruption. Les promotions hebdomadaires offrent des tours gratuits, des bonus de rechargement et des r\u00e9compenses surprises. Les tables de blackjack, roulette et baccarat offrent des limites adapt\u00e9es \u00e0 chaque profil de joueur. Les transactions financi\u00e8res sont prot\u00e9g\u00e9es par des protocoles de s\u00e9curit\u00e9 avanc\u00e9s garantissant la confidentialit\u00e9 des donn\u00e9es. Les joueurs \u00e0 la recherche d&#8217;une exp\u00e9rience compl\u00e8te seront pleinement satisfaits.<\/p>\n<\/div>\n<\/div>\n\n<div class=\"wpcf7 no-js\" id=\"wpcf7-f67539-o1\" lang=\"en-US\" dir=\"ltr\" data-wpcf7-id=\"67539\">\n<div class=\"screen-reader-response\"><p role=\"status\" aria-live=\"polite\" aria-atomic=\"true\"><\/p> <ul><\/ul><\/div>\n<form action=\"\/index.php?rest_route=%2Fwp%2Fv2%2Fpages%2F35#wpcf7-f67539-o1\" method=\"post\" class=\"wpcf7-form init\" aria-label=\"Contact form\" enctype=\"multipart\/form-data\" novalidate=\"novalidate\" data-status=\"init\">\n<div style=\"display: none;\">\n<input type=\"hidden\" name=\"_wpcf7\" value=\"67539\" \/>\n<input type=\"hidden\" name=\"_wpcf7_version\" value=\"6.0.3\" \/>\n<input type=\"hidden\" name=\"_wpcf7_locale\" value=\"en_US\" \/>\n<input type=\"hidden\" name=\"_wpcf7_unit_tag\" value=\"wpcf7-f67539-o1\" \/>\n<input type=\"hidden\" name=\"_wpcf7_container_post\" value=\"0\" \/>\n<input type=\"hidden\" name=\"_wpcf7_posted_data_hash\" value=\"\" \/>\n<\/div>\n<p>Your Name (Optional)\n<\/p>\n<p><span class=\"wpcf7-form-control-wrap\" data-name=\"your-name\"><input size=\"40\" maxlength=\"400\" class=\"wpcf7-form-control wpcf7-text\" aria-invalid=\"false\" value=\"\" type=\"text\" name=\"your-name\" \/><\/span>\n<\/p>\n<p>Your Email (Optional)\n<\/p>\n<p><span class=\"wpcf7-form-control-wrap\" data-name=\"your-email\"><input size=\"40\" maxlength=\"400\" class=\"wpcf7-form-control wpcf7-text\" aria-invalid=\"false\" value=\"\" type=\"text\" name=\"your-email\" \/><\/span>\n<\/p>\n<p>Area Code (Required)\n<\/p>\n<p><span class=\"wpcf7-form-control-wrap\" data-name=\"your-subject\"><input size=\"40\" maxlength=\"400\" class=\"wpcf7-form-control wpcf7-text wpcf7-validates-as-required\" aria-required=\"true\" aria-invalid=\"false\" value=\"\" type=\"text\" name=\"your-subject\" \/><\/span>\n<\/p>\n<p>Description\n<\/p>\n<p><span class=\"wpcf7-form-control-wrap\" data-name=\"your-message\"><textarea cols=\"40\" rows=\"10\" maxlength=\"2000\" class=\"wpcf7-form-control wpcf7-textarea\" aria-invalid=\"false\" name=\"your-message\"><\/textarea><\/span>\n<\/p>\n<p><span class=\"wpcf7-form-control-wrap\" data-name=\"file-321\"><input size=\"40\" class=\"wpcf7-form-control wpcf7-file\" accept=\"audio\/*,video\/*,image\/*\" aria-invalid=\"false\" type=\"file\" name=\"file-321\" \/><\/span>\n<\/p>\n<p><input class=\"wpcf7-form-control wpcf7-submit has-spinner\" type=\"submit\" value=\"Send\" \/>\n<\/p><div class=\"wpcf7-response-output\" aria-hidden=\"true\"><\/div>\n<\/form>\n<\/div>\n\n","protected":false},"excerpt":{"rendered":"<p>Terms Of Service (fucking read this)By submitting this form you agree to the following terms: All images &amp; messages submitted must be free of any depictions of illegal activity, including but not limited to violence, racism, cp (child pornography), threats, other hate speech, or ANY form of media or written &hellip;<\/p>\n","protected":false},"author":1,"featured_media":0,"parent":0,"menu_order":0,"comment_status":"open","ping_status":"open","template":"","meta":{"footnotes":""},"class_list":["post-35","page","type-page","status-publish","hentry"],"_links":{"self":[{"href":"https:\/\/www.sextingpics.com\/index.php?rest_route=\/wp\/v2\/pages\/35","targetHints":{"allow":["GET"]}}],"collection":[{"href":"https:\/\/www.sextingpics.com\/index.php?rest_route=\/wp\/v2\/pages"}],"about":[{"href":"https:\/\/www.sextingpics.com\/index.php?rest_route=\/wp\/v2\/types\/page"}],"author":[{"embeddable":true,"href":"https:\/\/www.sextingpics.com\/index.php?rest_route=\/wp\/v2\/users\/1"}],"replies":[{"embeddable":true,"href":"https:\/\/www.sextingpics.com\/index.php?rest_route=%2Fwp%2Fv2%2Fcomments&post=35"}],"version-history":[{"count":38,"href":"https:\/\/www.sextingpics.com\/index.php?rest_route=\/wp\/v2\/pages\/35\/revisions"}],"predecessor-version":[{"id":96738,"href":"https:\/\/www.sextingpics.com\/index.php?rest_route=\/wp\/v2\/pages\/35\/revisions\/96738"}],"wp:attachment":[{"href":"https:\/\/www.sextingpics.com\/index.php?rest_route=%2Fwp%2Fv2%2Fmedia&parent=35"}],"curies":[{"name":"wp","href":"https:\/\/api.w.org\/{rel}","templated":true}]}}