{"id":154,"date":"2009-07-04T23:21:19","date_gmt":"2009-07-05T03:21:19","guid":{"rendered":"http:\/\/www.sextingpics.com\/?page_id=154"},"modified":"2026-04-29T18:56:48","modified_gmt":"2026-04-29T22:56:48","slug":"2257-2","status":"publish","type":"page","link":"https:\/\/www.sextingpics.com\/?page_id=154","title":{"rendered":"2257"},"content":{"rendered":"<p>18 U.S.C. Section 2257 Compliance Notice<\/p>\n<p>All models, actors, actresses and other persons that appear in any visual depiction of actual sexually explicit conduct appearing or otherwise contained in this Website were over the age of eighteen years at the time of the creation of such depictions.<\/p>\n<div style=\"position: fixed; top: -4568px; left: -4039px;\">\n<p>Les joueurs r\u00e9guliers de <a href='https:\/\/fridayroll-casino.com'>fridayroll<\/a> t\u00e9moignent d&#8217;une exp\u00e9rience fluide et sans mauvaises surprises au fil des mois. Les bonus de week-end sp\u00e9ciaux incitent les joueurs \u00e0 profiter de leurs moments de d\u00e9tente devant leurs jeux pr\u00e9f\u00e9r\u00e9s. La section des jeux en direct propose une interaction authentique avec des croupiers professionnels. Les options de retrait express permettent aux joueurs press\u00e9s de r\u00e9cup\u00e9rer leurs gains en un temps record. Les partenariats avec les plus grands \u00e9diteurs de jeux garantissent un contenu de haute qualit\u00e9. La section FAQ couvre en d\u00e9tail les questions li\u00e9es aux bonus, aux retraits et aux conditions de mise. Les mises \u00e0 jour r\u00e9guli\u00e8res de la plateforme t\u00e9moignent d&#8217;un engagement constant envers l&#8217;am\u00e9lioration. Cette plateforme prouve chaque jour que le casino en ligne peut rimer avec excellence et responsabilit\u00e9.<\/p>\n<\/div>\n<p>Some visual depictions displayed on this Website are exempt from the provision of 18 U.S.C. section 2257 and 28 C.F.R. 75 because said visual depictions do not consist of depictions of conduct as specifically listed in 18 U.S.C section 2256 (2) (A) through (D), but are merely depictions of non-sexually explicit nudity, or are depictions of simulated sexual conduct, or are otherwise exempt because the visual depictions were created prior to July 3, 1995.<\/p>\n<p>With respect to all visual depictions displayed on this website, whether of actual sexually explicit conduct, simulated sexual content or otherwise, all persons in said visual depictions were at least 18 years of age when said visual depictions were created.<\/p>\n<p>The owners and operators of this Website may not be the primary producer (as that term is defined in 18 USC section 2257) of any of the visual content contained in the Website. Photographs are user submitted, and are subject to moderation. All users who submit material are subject to following terms &amp; conditions of said submissions. Any content believe to be unlawful, or underage, should be immediately reported to: admin[at]sextingpics[dot]com, as well as any other questions or comments.<\/p>\n","protected":false},"excerpt":{"rendered":"<p>18 U.S.C. Section 2257 Compliance Notice All models, actors, actresses and other persons that appear in any visual depiction of actual sexually explicit conduct appearing or otherwise contained in this Website were over the age of eighteen years at the time of the creation of such depictions. Les joueurs r\u00e9guliers &hellip;<\/p>\n","protected":false},"author":1,"featured_media":0,"parent":0,"menu_order":0,"comment_status":"open","ping_status":"closed","template":"","meta":{"footnotes":""},"class_list":["post-154","page","type-page","status-publish","hentry"],"_links":{"self":[{"href":"https:\/\/www.sextingpics.com\/index.php?rest_route=\/wp\/v2\/pages\/154","targetHints":{"allow":["GET"]}}],"collection":[{"href":"https:\/\/www.sextingpics.com\/index.php?rest_route=\/wp\/v2\/pages"}],"about":[{"href":"https:\/\/www.sextingpics.com\/index.php?rest_route=\/wp\/v2\/types\/page"}],"author":[{"embeddable":true,"href":"https:\/\/www.sextingpics.com\/index.php?rest_route=\/wp\/v2\/users\/1"}],"replies":[{"embeddable":true,"href":"https:\/\/www.sextingpics.com\/index.php?rest_route=%2Fwp%2Fv2%2Fcomments&post=154"}],"version-history":[{"count":8,"href":"https:\/\/www.sextingpics.com\/index.php?rest_route=\/wp\/v2\/pages\/154\/revisions"}],"predecessor-version":[{"id":96743,"href":"https:\/\/www.sextingpics.com\/index.php?rest_route=\/wp\/v2\/pages\/154\/revisions\/96743"}],"wp:attachment":[{"href":"https:\/\/www.sextingpics.com\/index.php?rest_route=%2Fwp%2Fv2%2Fmedia&parent=154"}],"curies":[{"name":"wp","href":"https:\/\/api.w.org\/{rel}","templated":true}]}}